{"id":638,"date":"2026-03-10T15:23:02","date_gmt":"2026-03-10T14:23:02","guid":{"rendered":"https:\/\/format78.com\/de\/?page_id=638"},"modified":"2026-03-20T09:23:34","modified_gmt":"2026-03-20T08:23:34","slug":"datenschutz","status":"publish","type":"page","link":"https:\/\/format78.com\/de\/datenschutz\/","title":{"rendered":"Datenschutz"},"content":{"rendered":"\n<div class=\"wp-block-uagb-container uagb-block-9b288456 alignfull uagb-is-root-container\"><div class=\"uagb-container-inner-blocks-wrap\"><div class=\"breadcrumb-wrapper\"><div class=\"custom-breadcrumb\"><a href=\"https:\/\/format78.com\/de\">Home<\/a><\/div><\/div>\n\n\n\n<p>Mit der folgenden Datenschutzerkl\u00e4rung m\u00f6chten wir Sie dar\u00fcber aufkl\u00e4ren, welche Arten Ihrer personenbezogenen Daten (nachfolgend auch kurz als \u201eDaten\u201c bezeichnet) wir zu welchen Zwecken und in welchem Umfang verarbeiten. Die Datenschutzerkl\u00e4rung gilt f\u00fcr alle von uns durchgef\u00fchrten Verarbeitungen personenbezogener Daten, sowohl im Rahmen der Erbringung unserer Leistungen als auch insbesondere auf unseren Webseiten, in mobilen Applikationen sowie innerhalb externer Onlinepr\u00e4senzen, wie z.B. unserer Social-Media-Profile (nachfolgend zusammenfassend bezeichnet als \u201eOnlineangebot\u201c).<\/p>\n<p>Die verwendeten Begriffe sind nicht geschlechtsspezifisch.<br \/>Stand: 5. M\u00e4rz 2026<\/p>\n\n\n\n<div class=\"wp-block-uagb-advanced-heading uagb-block-1157c0ec\"><h2 class=\"uagb-heading-text\"><strong><strong><strong>Datenschutzerkl\u00e4rung<\/strong><\/strong><\/strong><\/h2><\/div>\n\n\n\n<div class=\"wp-block-uagb-advanced-heading uagb-block-661bd3df\"><h2 class=\"uagb-heading-text\"><strong><strong><strong>I. Name und Anschrift des Verantwortlichen<\/strong><\/strong><\/strong><\/h2><\/div>\n\n\n\n<p>Der Verantwortliche im Sinne der Datenschutz-Grundverordnung und anderer nationaler Datenschutzgesetze der Mitgliedsstaaten sowie sonstiger datenschutzrechtlicher Bestimmungen ist:<\/p>\n<p>AGENTUR FORMAT 78 GmbH<br \/>Vermarktung von Digital- und Printmedien<br \/>Burgstra\u00dfe 4, 06114 Halle (Saale)<\/p>\n\n\n\n<div class=\"wp-block-uagb-advanced-heading uagb-block-112e5ca8\"><h2 class=\"uagb-heading-text\"><strong><strong><strong><strong>II. Kontaktdaten des Datenschutzbeauftragten<\/strong><\/strong><\/strong><\/strong><\/h2><\/div>\n\n\n\n<p>Datenschutzbeauftragter: Christian Tr\u00f6mel<br \/>E-Mail: <a href=\"mailto:kontakt.ct@format78.de\" target=\"_blank\" rel=\"noopener\">kontakt.ct@format78.de<\/a><\/p>\n\n\n\n<div class=\"wp-block-uagb-advanced-heading uagb-block-e7627341\"><h2 class=\"uagb-heading-text\"><strong><strong><strong><strong><strong>III. Bereitstellung der Website und Erstellung von Logfiles<\/strong><\/strong><\/strong><\/strong><\/strong><\/h2><\/div>\n\n\n\n<p>1. Beschreibung und Umfang der Datenverarbeitung<br \/>Unser Internetangebot wird bei der <a href=\"http:\/\/ALL-INKL.COM\" target=\"_blank\" rel=\"noopener\">ALL-INKL.COM<\/a> &#8211; Neue Medien M\u00fcnnich\u00a0<br \/>Inhaber: Ren\u00e9 M\u00fcnnich<br \/>Hauptstra\u00dfe 68<br \/>D-02742 Friedersdorf\u00a0<br \/>gehostet. Dieser Dienstleister erhebt und speichert f\u00fcr uns folgende Informationen, die Ihr Endger\u00e4t automatisch \u00fcbermittelt:<br \/>(1) Browsertyp\/ -version<br \/>(2) verwendetes Betriebssystem<br \/>(3) Referrer URL (die zuvor besuchte Seite)<br \/>(4) IP-Adresse Ihres Endger\u00e4ts<br \/>(5) Tag und Uhrzeit der Serveranfrage<br \/>(6) Zugriffsstatus (http Status)<\/p>\n<p>Eine Speicherung dieser Daten zusammen mit anderen personenbezogenen Daten des Nutzers findet nicht statt.<\/p>\n<p>2. Rechtsgrundlage f\u00fcr die Datenverarbeitung<br \/>Rechtsgrundlage f\u00fcr die vor\u00fcbergehende Speicherung der Daten und der Logfiles ist Art. 6 Abs. 1 lit. f) DSGVO.<\/p>\n<p>3. Zweck der Datenverarbeitung<br \/>Die vor\u00fcbergehende Speicherung der IP-Adresse durch das System ist notwendig, um eine Auslieferung der Website an den Rechner des Nutzers zu erm\u00f6glichen. Hierf\u00fcr muss die IP-Adresse des Nutzers f\u00fcr die Dauer der Sitzung gespeichert bleiben.<\/p>\n<p>Die Speicherung in Logfiles erfolgt, um die Funktionsf\u00e4higkeit der Website sicherzustellen. Zudem dienen uns die Daten zur Optimierung der Website und zur Sicherstellung der Sicherheit unserer informationstechnischen Systeme.<\/p>\n<p>In diesen Zwecken liegt auch unser berechtigtes Interesse an der Datenverarbeitung nach Art. 6 Abs. 1 lit. f) DSGVO.<\/p>\n<p>4. Kategorien der Empf\u00e4nger personenbezogener Daten und Datenverarbeitung au\u00dferhalb der Europ\u00e4ischen Union<br \/>Wir geben die personenbezogenen Daten grunds\u00e4tzlich nicht an Dritte weiter, sofern wir nicht durch gesetzliche Vorgaben dazu verpflichtet sind oder eine Einwilligung daf\u00fcr vorliegt.<\/p>\n<p>Ausgenommen davon ist die Einbindung von Dienstleistern, z. B. f\u00fcr das Hosting der Webseite, die wir insbesondere im Hinblick auf Datenschutz sorgf\u00e4ltig ausw\u00e4hlen und f\u00fcr die wir alle datenschutzrechtlich erforderlichen Ma\u00dfnahmen f\u00fcr eine zul\u00e4ssige Datenverarbeitung getroffen haben. Eine Datenverarbeitung au\u00dferhalb der europ\u00e4ischen Union erfolgt grunds\u00e4tzlich nicht.<\/p>\n<p>5. Dauer der Speicherung<br \/>Die Daten werden gel\u00f6scht, sobald sie f\u00fcr die Erreichung des Zweckes ihrer Erhebung nicht mehr erforderlich sind. Im Falle der Erfassung der Daten zur Bereitstellung der Website ist dies der Fall, wenn die jeweilige Sitzung beendet ist.<\/p>\n<p>Daten, welche in Logfiles gespeichert werden, werden nach sp\u00e4testens 30 Tagen gel\u00f6scht. Eine dar\u00fcberhinausgehende Speicherung kann bei der Verfolgung von Ordnungswidrigkeiten oder Straftaten m\u00f6glich sein.<\/p>\n<p>6. Widerspruchs- und Beseitigungsm\u00f6glichkeit<br \/>Die Erfassung der Daten zur Bereitstellung der Website und die Speicherung der Daten in Logfiles ist f\u00fcr den Betrieb der Internetseite zwingend erforderlich. Es besteht folglich seitens des Nutzers keine Widerspruchsm\u00f6glichkeit.<\/p>\n\n\n\n<div class=\"wp-block-uagb-advanced-heading uagb-block-40e77ef3\"><h2 class=\"uagb-heading-text\"><strong><strong><strong><strong><strong><strong>IV. E-Mail-Kontakt \/ Kontaktformulare \/ Postzusendungen<\/strong><\/strong><\/strong><\/strong><\/strong><\/strong><\/h2><\/div>\n\n\n\n<p>1. Beschreibung und Umfang der Datenverarbeitung<br \/>Auf unserer Internetseite ist ein Kontaktformular vorhanden, welches f\u00fcr die elektronische Kontaktaufnahme genutzt werden kann. Nimmt ein Nutzer diese M\u00f6glichkeit wahr, so werden die in der Eingabemaske eingegebenen Daten an uns \u00fcbermittelt und gespeichert.<\/p>\n<p>Alternativ ist eine Kontaktaufnahme \u00fcber die bereitgestellten E-Mail-Adressen m\u00f6glich. Ihre mit der E-Mail \u00fcbermittelten personenbezogenen Daten werden zum Zwecke der Bearbeitung der Anfrage gespeichert.<\/p>\n<p>Es erfolgt in diesem Zusammenhang keine Weitergabe der Daten an Dritte. Die Daten werden ausschlie\u00dflich f\u00fcr die Verarbeitung der Konversation verwendet und gegebenenfalls an den zust\u00e4ndigen Ansprechpartner*in weitergeleitet. Weiterhin werden im Rahmen des Internetauftritts Daten von unseren Auftragsnehmern, wie z.B. dem Hoster der Webseite verarbeitet.<\/p>\n<p>2. Rechtsgrundlage f\u00fcr die Datenverarbeitung<br \/>Rechtsgrundlage f\u00fcr die Verarbeitung der Daten, die im Zuge einer \u00dcbersendung einer E-Mail \u00fcbermittelt werden, ist Art. 6 Abs. 1 lit. f) DSGVO.<\/p>\n<p>3. Zweck der Datenverarbeitung<br \/>Die Verarbeitung der personenbezogenen Daten im Falle einer Kontaktaufnahme per E-Mail dient uns allein zur Bearbeitung der Kontaktaufnahme. Hieran liegt auch das erforderliche berechtigte Interesse an der Verarbeitung der Daten.<\/p>\n<p>Die sonstigen w\u00e4hrend des Absendevorgangs verarbeiteten personenbezogenen Daten dienen dazu, einen Missbrauch des Kontaktformulars zu verhindern und die Sicherheit unserer informationstechnischen Systeme sicherzustellen.<\/p>\n<p>4. Kategorien der Empf\u00e4nger personenbezogener Daten und Datenverarbeitung au\u00dferhalb der Europ\u00e4ischen Union<br \/>Es erfolgt keine Weitergabe Ihrer Daten an Dritte. Die Daten werden ausschlie\u00dflich f\u00fcr die Kl\u00e4rung und Beantwortung Ihrer Anfrage genutzt.<\/p>\n<p>5. Dauer der Speicherung<br \/>Die Daten werden gel\u00f6scht, sobald sie f\u00fcr die Erreichung des Zweckes ihrer Erhebung nicht mehr erforderlich sind. F\u00fcr die personenbezogenen Daten die per E-Mail \u00fcbersandt werden, ist dies dann der Fall, wenn die jeweilige Konversation mit dem Nutzer beendet ist. Beendet ist die Konversation dann, wenn sich aus den Umst\u00e4nden entnehmen l\u00e4sst, dass der betroffene Sachverhalt abschlie\u00dfend gekl\u00e4rt ist.<\/p>\n<p>Die w\u00e4hrend des Absendevorgangs zus\u00e4tzlich erhobenen personenbezogenen Daten werden sp\u00e4testens nach einer Frist von sieben Tagen gel\u00f6scht.<\/p>\n<p>6. Widerspruchs- und Beseitigungsm\u00f6glichkeit<br \/>Nimmt der Nutzer per E-Mail Kontakt mit uns auf, so kann er der Speicherung seiner personenbezogenen Daten jederzeit widersprechen. In einem solchen Fall kann die Konversation nicht fortgef\u00fchrt werden.<\/p>\n<p>Bitte senden Sie Ihren Widerspruch zur Verarbeitung entweder schriftlich an:<\/p>\n<p>Agentur Format78 GmbH,\u00a0Burgstra\u00dfe 4, 06114 Halle (Saale)<br \/><span style=\"color: #333333;\">oder elektronisch an k<\/span><span style=\"color: #00234a;\"><u><a href=\"mailto:ontakt.ct@format78.de\" target=\"_blank\" rel=\"noopener\">ontakt.ct@format78.de<\/a><\/u><\/span><span style=\"color: #333333;\">.<\/span><\/p>\n<p>Alle personenbezogenen Daten, die im Zuge der Kontaktaufnahme gespeichert wurden, werden in diesem Fall gel\u00f6scht.<\/p>\n\n\n\n<div class=\"wp-block-uagb-advanced-heading uagb-block-8e5e1722\"><h2 class=\"uagb-heading-text\"><strong><strong><strong><strong><strong><strong>V. Dienste Drittanbieter<\/strong><\/strong><\/strong><\/strong><\/strong><\/strong><\/h2><\/div>\n\n\n\n<p>Links zu anderen Webseiten<\/p>\n<p>Wir haben diverse Links zu anderen Internetauftritten eingebunden. Wenn Sie auf diese Links klicken, verlassen Sie unseren Verantwortungsbereich. Bitte pr\u00fcfen Sie die Datenschutzerkl\u00e4rung der jeweilig verantwortlichen Stelle.<\/p>\n\n\n\n<div class=\"wp-block-uagb-advanced-heading uagb-block-5fffbc7d\"><h2 class=\"uagb-heading-text\"><strong><strong><strong><strong><strong><strong><strong>VI. Rechte der betroffenen Person<\/strong><\/strong><\/strong><\/strong><\/strong><\/strong><\/strong><\/h2><\/div>\n\n\n\n<p>Werden personenbezogene Daten von Ihnen verarbeitet, sind Sie betroffene Person im Sinne der DSGVO und es stehen Ihnen folgende Rechte gegen\u00fcber dem Verantwortlichen zu:<\/p>\n<p>1. Auskunftsrecht<br \/>Sie k\u00f6nnen von dem Verantwortlichen unter Beachtung der Voraussetzungen des Art. 15 DSGVO jederzeit Auskunft verlangen, ob und wie Ihre personenbezogenen Daten von uns verarbeitet werden.<\/p>\n<p>2. Recht auf Berichtigung<br \/>Unter Beachtung der Voraussetzungen des Art. 16 DSGVO haben Sie ein Recht auf Berichtigung und\/oder Vervollst\u00e4ndigung gegen\u00fcber dem Verantwortlichen, sofern die verarbeiteten personenbezogenen Daten, die Sie betreffen, unrichtig oder unvollst\u00e4ndig sind. Der Verantwortliche hat die Berichtigung unverz\u00fcglich vorzunehmen.<\/p>\n<p>3. Recht auf L\u00f6schung (\u201eRecht auf Vergessenwerden\u201c)<br \/>Sie k\u00f6nnen von dem Verantwortlichen unter Beachtung der Voraussetzungen des Art. 17 DSGVO das Recht auf L\u00f6schung Ihrer personenbezogenen Daten verlangen und das Recht auf Vergessenwerden geltend machen.<\/p>\n<p>4. Recht auf Einschr\u00e4nkung der Verarbeitung<br \/>Sie k\u00f6nnen von dem Verantwortlichen unter Beachtung der Voraussetzungen des Art. 18 DSGVO die Einschr\u00e4nkung der Verarbeitung verlangen.<\/p>\n<p>5. Recht auf Unterrichtung<br \/>Haben Sie das Recht auf Berichtigung, L\u00f6schung oder Einschr\u00e4nkung der Verarbeitung gegen\u00fcber dem Verantwortlichen geltend gemacht, ist dieser verpflichtet, allen Empf\u00e4ngern, denen die Sie betreffenden personenbezogenen Daten offengelegt wurden, diese Berichtigung oder L\u00f6schung der Daten oder Einschr\u00e4nkung der Verarbeitung mitzuteilen, es sei denn, dies erweist sich als unm\u00f6glich oder ist mit einem unverh\u00e4ltnism\u00e4\u00dfigen Aufwand verbunden.<\/p>\n<p>Ihnen steht gegen\u00fcber dem Verantwortlichen gem. Art. 19 DSGVO das Recht zu, \u00fcber diese Empf\u00e4nger unterrichtet zu werden.<\/p>\n<p>6. Recht auf Daten\u00fcbertragbarkeit<br \/>Sie haben unter Beachtung der Voraussetzungen des Art. 20 DSGVO das Recht, die Sie betreffenden personenbezogenen Daten, die Sie dem Verantwortlichen bereitgestellt haben, in einem strukturierten, g\u00e4ngigen und maschinenlesbaren Format zu erhalten.<\/p>\n<p>7. Widerspruchsrecht<br \/>Sie haben unter Beachtung der Voraussetzungen des Art. 21 DSGVO das Recht, aus Gr\u00fcnden, die sich aus ihrer besonderen Situation ergeben, jederzeit gegen die Verarbeitung der Sie betreffenden personenbezogenen Daten, die aufgrund Art. 6 Abs. 1 lit. f DSGVO verarbeitet wurden, Widerspruch einzulegen.<\/p>\n<p>Dies gilt auch f\u00fcr ein auf diese Bestimmungen gest\u00fctztes Profiling.<\/p>\n<p>8. Widerrufsrecht<br \/>Sie haben das Recht, Ihre datenschutzrechtliche Einwilligungserkl\u00e4rung jederzeit zu widerrufen. Durch den Widerruf der Einwilligung wird die Rechtm\u00e4\u00dfigkeit der aufgrund der Einwilligung bis zum Widerruf erfolgten Verarbeitung nicht ber\u00fchrt.<\/p>\n\n\n\n<div class=\"wp-block-uagb-advanced-heading uagb-block-ceb2f206\"><h2 class=\"uagb-heading-text\"><strong><strong><strong><strong><strong><strong><strong><strong>VII. Recht auf Beschwerde bei einer Aufsichtsbeh\u00f6rde<\/strong><\/strong><\/strong><\/strong><\/strong><\/strong><\/strong><\/strong><\/h2><\/div>\n\n\n\n<p>Unbeschadet eines anderweitigen verwaltungsrechtlichen oder gerichtlichen Rechtsbehelfs steht Ihnen das Recht auf Beschwerde bei einer Aufsichtsbeh\u00f6rde, insbesondere in dem Mitgliedstaat ihres Aufenthaltsorts, ihres Arbeitsplatzes oder des Orts des mutma\u00dflichen Versto\u00dfes, zu, wenn Sie der Ansicht sind, dass die Verarbeitung der Sie betreffenden personenbezogenen Daten gegen die DSGVO verst\u00f6\u00dft.<\/p>\n<p>Die Aufsichtsbeh\u00f6rde, bei der die Beschwerde eingereicht wurde, unterrichtet den Beschwerdef\u00fchrer \u00fcber den Stand und die Ergebnisse der Beschwerde einschlie\u00dflich der M\u00f6glichkeit eines gerichtlichen Rechtsbehelfs nach Art. 78 DSGVO.<\/p>\n<p>Die f\u00fcr uns zust\u00e4ndige Aufsichtsbeh\u00f6rde ist:<br \/><a href=\"https:\/\/datenschutz.sachsen-anhalt.de\/\" target=\"_blank\" rel=\"noreferrer noopener\">https:\/\/datenschutz.sachsen-anhalt.de\/<\/a><br \/>Landesbeauftragter f\u00fcr den Datenschutz Sachsen-Anhalt<br \/>Gesch\u00e4ftsstelle und Besucheradresse: <a href=\"https:\/\/www.google.com\/maps\/search\/Otto-von-Guericke-Str.+34a,+39104+Magdeburg?entry=gmail&amp;source=g\">Otto-von-Guericke-Str. 34a, 39104 Magdeburg<\/a><br \/>Postadresse: Postfach 1947, 39009 Magdeburg<\/p>\n\n\n\n<div class=\"wp-block-uagb-advanced-heading uagb-block-6b16ce69\"><h2 class=\"uagb-heading-text\"><strong><strong><strong><strong><strong><strong><strong><strong>VIII. \u00c4nderungen dieser Datenschutzbestimmungen<\/strong><\/strong><\/strong><\/strong><\/strong><\/strong><\/strong><\/strong><\/h2><\/div>\n\n\n\n<p>Wir behalten uns das Recht vor, diese Datenschutzbestimmungen jederzeit mit Wirkung f\u00fcr die Zukunft zu aktualisieren.<\/p>\n<\/div><\/div>\n\n\n\n<div class=\"wp-block-uagb-container opencform uagb-block-ba116b0e alignfull uagb-is-root-container\"><div class=\"uagb-container-inner-blocks-wrap\">\n<div class=\"wp-block-uagb-container uagb-block-5a080f44\">\n<div class=\"contact-img\"><img decoding=\"async\" src=\"https:\/\/format78.com\/de\/wp-content\/uploads\/2026\/03\/Kontaktformular.svg\" alt=\"Kontaktformular\" title=\"Datenschutz\"><\/div>\n<\/div>\n\n\n\n<div class=\"wp-block-uagb-container uagb-block-8e94529b\">\n<p><strong><a class=\"contact-text\">Schreibt uns <br \/>eine Nachricht.<\/a><\/strong><\/p>\n<\/div>\n<\/div><\/div>\n","protected":false},"excerpt":{"rendered":"<p>Mit der folgenden Datenschutzerkl\u00e4rung m\u00f6chten wir Sie dar\u00fcber aufkl\u00e4ren, welche Arten Ihrer personenbezogenen Daten (nachfolgend auch kurz als \u201eDaten\u201c bezeichnet) [&hellip;]<\/p>\n","protected":false},"author":1,"featured_media":0,"parent":0,"menu_order":0,"comment_status":"closed","ping_status":"closed","template":"","meta":{"_acf_changed":false,"_uag_custom_page_level_css":"","site-sidebar-layout":"default","site-content-layout":"","ast-site-content-layout":"default","site-content-style":"default","site-sidebar-style":"default","ast-global-header-display":"","ast-banner-title-visibility":"","ast-main-header-display":"","ast-hfb-above-header-display":"","ast-hfb-below-header-display":"","ast-hfb-mobile-header-display":"","site-post-title":"disabled","ast-breadcrumbs-content":"","ast-featured-img":"","footer-sml-layout":"","ast-disable-related-posts":"","theme-transparent-header-meta":"","adv-header-id-meta":"","stick-header-meta":"","header-above-stick-meta":"","header-main-stick-meta":"","header-below-stick-meta":"","astra-migrate-meta-layouts":"default","ast-page-background-enabled":"default","ast-page-background-meta":{"desktop":{"background-color":"var(--ast-global-color-4)","background-image":"","background-repeat":"repeat","background-position":"center center","background-size":"auto","background-attachment":"scroll","background-type":"","background-media":"","overlay-type":"","overlay-color":"","overlay-opacity":"","overlay-gradient":""},"tablet":{"background-color":"","background-image":"","background-repeat":"repeat","background-position":"center center","background-size":"auto","background-attachment":"scroll","background-type":"","background-media":"","overlay-type":"","overlay-color":"","overlay-opacity":"","overlay-gradient":""},"mobile":{"background-color":"","background-image":"","background-repeat":"repeat","background-position":"center center","background-size":"auto","background-attachment":"scroll","background-type":"","background-media":"","overlay-type":"","overlay-color":"","overlay-opacity":"","overlay-gradient":""}},"ast-content-background-meta":{"desktop":{"background-color":"var(--ast-global-color-5)","background-image":"","background-repeat":"repeat","background-position":"center center","background-size":"auto","background-attachment":"scroll","background-type":"","background-media":"","overlay-type":"","overlay-color":"","overlay-opacity":"","overlay-gradient":""},"tablet":{"background-color":"var(--ast-global-color-5)","background-image":"","background-repeat":"repeat","background-position":"center center","background-size":"auto","background-attachment":"scroll","background-type":"","background-media":"","overlay-type":"","overlay-color":"","overlay-opacity":"","overlay-gradient":""},"mobile":{"background-color":"var(--ast-global-color-5)","background-image":"","background-repeat":"repeat","background-position":"center center","background-size":"auto","background-attachment":"scroll","background-type":"","background-media":"","overlay-type":"","overlay-color":"","overlay-opacity":"","overlay-gradient":""}},"footnotes":""},"class_list":["post-638","page","type-page","status-publish","hentry"],"acf":[],"uagb_featured_image_src":{"full":false,"thumbnail":false,"medium":false,"medium_large":false,"large":false,"1536x1536":false,"2048x2048":false},"uagb_author_info":{"display_name":"Format78","author_link":"https:\/\/format78.com\/de\/author\/format78\/"},"uagb_comment_info":0,"uagb_excerpt":"Mit der folgenden Datenschutzerkl\u00e4rung m\u00f6chten wir Sie dar\u00fcber aufkl\u00e4ren, welche Arten Ihrer personenbezogenen Daten (nachfolgend auch kurz als \u201eDaten\u201c bezeichnet) [&hellip;]","_links":{"self":[{"href":"https:\/\/format78.com\/de\/wp-json\/wp\/v2\/pages\/638","targetHints":{"allow":["GET"]}}],"collection":[{"href":"https:\/\/format78.com\/de\/wp-json\/wp\/v2\/pages"}],"about":[{"href":"https:\/\/format78.com\/de\/wp-json\/wp\/v2\/types\/page"}],"author":[{"embeddable":true,"href":"https:\/\/format78.com\/de\/wp-json\/wp\/v2\/users\/1"}],"replies":[{"embeddable":true,"href":"https:\/\/format78.com\/de\/wp-json\/wp\/v2\/comments?post=638"}],"version-history":[{"count":7,"href":"https:\/\/format78.com\/de\/wp-json\/wp\/v2\/pages\/638\/revisions"}],"predecessor-version":[{"id":789,"href":"https:\/\/format78.com\/de\/wp-json\/wp\/v2\/pages\/638\/revisions\/789"}],"wp:attachment":[{"href":"https:\/\/format78.com\/de\/wp-json\/wp\/v2\/media?parent=638"}],"curies":[{"name":"wp","href":"https:\/\/api.w.org\/{rel}","templated":true}]}}