{"id":629,"date":"2026-03-10T15:14:45","date_gmt":"2026-03-10T14:14:45","guid":{"rendered":"https:\/\/format78.com\/de\/?page_id=629"},"modified":"2026-03-17T10:16:39","modified_gmt":"2026-03-17T09:16:39","slug":"barrierefreiheit","status":"publish","type":"page","link":"https:\/\/format78.com\/de\/barrierefreiheit\/","title":{"rendered":"Barrierefreiheit\u00a0"},"content":{"rendered":"\n<div class=\"wp-block-uagb-container uagb-block-9b288456 alignfull uagb-is-root-container\"><div class=\"uagb-container-inner-blocks-wrap\"><div class=\"breadcrumb-wrapper\"><div class=\"custom-breadcrumb\"><a href=\"https:\/\/format78.com\/de\">Home<\/a><\/div><\/div>\n\n\n\n<div class=\"wp-block-uagb-advanced-heading uagb-block-1157c0ec\"><h2 class=\"uagb-heading-text\"><strong><strong>Erkl\u00e4rung zur Barrierefreiheit<\/strong><\/strong><\/h2><\/div>\n\n\n\n<p>Wir sind bem\u00fcht diese Webseite in Einklang mit den einschl\u00e4gigen Vorschriften zur Barrierefreiheit wie dem Barrierefreiheitsst\u00e4rkungsgesetz (BFSG) sowie der zugrunde liegenden Verordnung zum Barrierefreiheitsst\u00e4rkungsgesetz (BFSGV) barrierefrei zug\u00e4nglich zu machen.<\/p>\n\n\n\n<div class=\"wp-block-uagb-advanced-heading uagb-block-661bd3df\"><h2 class=\"uagb-heading-text\"><strong><strong>Geltung<\/strong><\/strong><\/h2><\/div>\n\n\n\n<p>Diese Erkl\u00e4rung zur Barrierefreiheit gilt f\u00fcr die Webseite format78.com\u00a0.<\/p>\n\n\n\n<div class=\"wp-block-uagb-advanced-heading uagb-block-112e5ca8\"><h2 class=\"uagb-heading-text\"><strong><strong><strong>Stand der Vereinbarkeit mit den Anforderungen<\/strong><\/strong><\/strong><\/h2><\/div>\n\n\n\n<p>Grundlage der Barrierefreiheit sind vorliegend letztlich die international g\u00fcltigen Web Content Accessibility Guidelines (WCAG 2.2) auf Konformit\u00e4tsstufe A und AA.Diese Webseite ist im Light Mode (heller Standardmodus) nach den oben genannten Richtlinien weitgehend barrierefrei.<\/p>\n\n\n\n<div class=\"wp-block-uagb-advanced-heading uagb-block-e7627341\"><h2 class=\"uagb-heading-text\"><strong><strong><strong><strong>Letzte Aktualisierung der Website<\/strong><\/strong><\/strong><\/strong><\/h2><\/div>\n\n\n\n<p>Diese Website wurde zuletzt am 5. M\u00e4rz 2026 aktualisiert.<\/p>\n\n\n\n<div class=\"wp-block-uagb-advanced-heading uagb-block-40e77ef3\"><h2 class=\"uagb-heading-text\"><strong><strong><strong><strong><strong>Feedback und Kontaktangaben<\/strong><\/strong><\/strong><\/strong><\/strong><\/h2><\/div>\n\n\n\n<p>Sind Ihnen M\u00e4ngel beim barrierefreien Zugang zu Inhalten auf unserer Website aufgefallen oder haben Sie Anmerkungen sowie Fragen zum barrierefreien Zugang? Melden Sie sich gerne bei uns. Wir werden versuchen die mitgeteilten M\u00e4ngel zu beseitigen bzw. Ihnen nicht zug\u00e4ngliche Informationen in barrierefreier Form zur Verf\u00fcgung zu stellen.<\/p>\n\n\n\n<div class=\"wp-block-uagb-advanced-heading uagb-block-8e5e1722\"><h2 class=\"uagb-heading-text\"><strong><strong><strong><strong><strong>Erstellung dieser Erkl\u00e4rung zur Barrierefreiheit<\/strong><\/strong><\/strong><\/strong><\/strong><\/h2><\/div>\n\n\n\n<p>Diese Erkl\u00e4rung wurde am 5. M\u00e4rz 2026 erstellt. Wir ermitteln den Stand der Barrierefreiheit regelm\u00e4\u00dfig durch eigene Pr\u00fcfung mithilfe der Selbstbewertung. Barrierefreiheitsst\u00e4rkungsgesetz (BFSGV) barrierefrei zug\u00e4nglich zu machen.<\/p>\n<\/div><\/div>\n\n\n\n<div class=\"wp-block-uagb-container opencform uagb-block-ba116b0e alignfull uagb-is-root-container\"><div class=\"uagb-container-inner-blocks-wrap\">\n<div class=\"wp-block-uagb-container uagb-block-5a080f44\">\n<div class=\"contact-img\"><img decoding=\"async\" src=\"https:\/\/format78.com\/de\/wp-content\/uploads\/2026\/03\/Kontaktformular.svg\" alt=\"Kontaktformular\" title=\"Barrierefreiheit\u00a0\"><\/div>\n<\/div>\n\n\n\n<div class=\"wp-block-uagb-container uagb-block-8e94529b\">\n<p><strong><a class=\"contact-text\">Schreibt uns <br \/>eine Nachricht.<\/a><\/strong><\/p>\n<\/div>\n<\/div><\/div>\n","protected":false},"excerpt":{"rendered":"<p>Erkl\u00e4rung zur Barrierefreiheit Wir sind bem\u00fcht diese Webseite in Einklang mit den einschl\u00e4gigen Vorschriften zur Barrierefreiheit wie dem Barrierefreiheitsst\u00e4rkungsgesetz (BFSG) [&hellip;]<\/p>\n","protected":false},"author":1,"featured_media":0,"parent":0,"menu_order":0,"comment_status":"closed","ping_status":"closed","template":"","meta":{"_acf_changed":false,"_uag_custom_page_level_css":"","site-sidebar-layout":"default","site-content-layout":"","ast-site-content-layout":"default","site-content-style":"default","site-sidebar-style":"default","ast-global-header-display":"","ast-banner-title-visibility":"","ast-main-header-display":"","ast-hfb-above-header-display":"","ast-hfb-below-header-display":"","ast-hfb-mobile-header-display":"","site-post-title":"disabled","ast-breadcrumbs-content":"","ast-featured-img":"","footer-sml-layout":"","ast-disable-related-posts":"","theme-transparent-header-meta":"","adv-header-id-meta":"","stick-header-meta":"","header-above-stick-meta":"","header-main-stick-meta":"","header-below-stick-meta":"","astra-migrate-meta-layouts":"default","ast-page-background-enabled":"default","ast-page-background-meta":{"desktop":{"background-color":"var(--ast-global-color-4)","background-image":"","background-repeat":"repeat","background-position":"center center","background-size":"auto","background-attachment":"scroll","background-type":"","background-media":"","overlay-type":"","overlay-color":"","overlay-opacity":"","overlay-gradient":""},"tablet":{"background-color":"","background-image":"","background-repeat":"repeat","background-position":"center center","background-size":"auto","background-attachment":"scroll","background-type":"","background-media":"","overlay-type":"","overlay-color":"","overlay-opacity":"","overlay-gradient":""},"mobile":{"background-color":"","background-image":"","background-repeat":"repeat","background-position":"center center","background-size":"auto","background-attachment":"scroll","background-type":"","background-media":"","overlay-type":"","overlay-color":"","overlay-opacity":"","overlay-gradient":""}},"ast-content-background-meta":{"desktop":{"background-color":"var(--ast-global-color-5)","background-image":"","background-repeat":"repeat","background-position":"center center","background-size":"auto","background-attachment":"scroll","background-type":"","background-media":"","overlay-type":"","overlay-color":"","overlay-opacity":"","overlay-gradient":""},"tablet":{"background-color":"var(--ast-global-color-5)","background-image":"","background-repeat":"repeat","background-position":"center center","background-size":"auto","background-attachment":"scroll","background-type":"","background-media":"","overlay-type":"","overlay-color":"","overlay-opacity":"","overlay-gradient":""},"mobile":{"background-color":"var(--ast-global-color-5)","background-image":"","background-repeat":"repeat","background-position":"center center","background-size":"auto","background-attachment":"scroll","background-type":"","background-media":"","overlay-type":"","overlay-color":"","overlay-opacity":"","overlay-gradient":""}},"footnotes":""},"class_list":["post-629","page","type-page","status-publish","hentry"],"acf":[],"uagb_featured_image_src":{"full":false,"thumbnail":false,"medium":false,"medium_large":false,"large":false,"1536x1536":false,"2048x2048":false},"uagb_author_info":{"display_name":"Format78","author_link":"https:\/\/format78.com\/de\/author\/format78\/"},"uagb_comment_info":0,"uagb_excerpt":"Erkl\u00e4rung zur Barrierefreiheit Wir sind bem\u00fcht diese Webseite in Einklang mit den einschl\u00e4gigen Vorschriften zur Barrierefreiheit wie dem Barrierefreiheitsst\u00e4rkungsgesetz (BFSG) [&hellip;]","_links":{"self":[{"href":"https:\/\/format78.com\/de\/wp-json\/wp\/v2\/pages\/629","targetHints":{"allow":["GET"]}}],"collection":[{"href":"https:\/\/format78.com\/de\/wp-json\/wp\/v2\/pages"}],"about":[{"href":"https:\/\/format78.com\/de\/wp-json\/wp\/v2\/types\/page"}],"author":[{"embeddable":true,"href":"https:\/\/format78.com\/de\/wp-json\/wp\/v2\/users\/1"}],"replies":[{"embeddable":true,"href":"https:\/\/format78.com\/de\/wp-json\/wp\/v2\/comments?post=629"}],"version-history":[{"count":10,"href":"https:\/\/format78.com\/de\/wp-json\/wp\/v2\/pages\/629\/revisions"}],"predecessor-version":[{"id":753,"href":"https:\/\/format78.com\/de\/wp-json\/wp\/v2\/pages\/629\/revisions\/753"}],"wp:attachment":[{"href":"https:\/\/format78.com\/de\/wp-json\/wp\/v2\/media?parent=629"}],"curies":[{"name":"wp","href":"https:\/\/api.w.org\/{rel}","templated":true}]}}